{"id":1968,"date":"2023-10-30T09:34:22","date_gmt":"2023-10-30T07:34:22","guid":{"rendered":"https:\/\/sensorex.sivustamo.dev\/products\/"},"modified":"2026-02-06T17:29:49","modified_gmt":"2026-02-06T15:29:49","slug":"products","status":"publish","type":"page","link":"https:\/\/sensorex.fi\/en\/products\/","title":{"rendered":"Products"},"content":{"rendered":"\t\t<div data-elementor-type=\"wp-page\" data-elementor-id=\"1968\" class=\"elementor elementor-1968 elementor-282\" data-elementor-post-type=\"page\">\n\t\t\t\t<div data-particle_enable=\"false\" data-particle-mobile-disabled=\"false\" class=\"elementor-element elementor-element-97476fe e-flex e-con-boxed e-con e-parent\" data-id=\"97476fe\" data-element_type=\"container\" data-e-type=\"container\" data-settings=\"{&quot;background_background&quot;:&quot;classic&quot;,&quot;jet_parallax_layout_list&quot;:[]}\">\n\t\t\t\t\t<div class=\"e-con-inner\">\n\t\t\t\t<div class=\"elementor-element elementor-element-03ce924 elementor-widget__width-inherit elementor-widget-mobile__width-initial elementor-invisible elementor-widget elementor-widget-heading\" data-id=\"03ce924\" data-element_type=\"widget\" data-e-type=\"widget\" data-settings=\"{&quot;_animation&quot;:&quot;fadeInLeft&quot;}\" data-widget_type=\"heading.default\">\n\t\t\t\t<div class=\"elementor-widget-container\">\n\t\t\t\t\t<h1 class=\"elementor-heading-title elementor-size-default\">Products<\/h1>\t\t\t\t<\/div>\n\t\t\t\t<\/div>\n\t\t\t\t<div class=\"elementor-element elementor-element-8e89a25 elementor-widget-mobile__width-initial product-categories elementor-widget elementor-widget-jet-woo-categories\" data-id=\"8e89a25\" data-element_type=\"widget\" data-e-type=\"widget\" data-settings=\"{&quot;columns_laptop&quot;:&quot;2&quot;,&quot;columns&quot;:4,&quot;columns_tablet&quot;:2,&quot;columns_mobile&quot;:1}\" data-widget_type=\"jet-woo-categories.default\">\n\t\t\t\t<div class=\"elementor-widget-container\">\n\t\t\t\t\t<div class=\"elementor-jet-woo-categories jet-woo-builder\"><div class=\"jet-woo-categories jet-woo-categories--preset-1 col-row  jet-equal-cols\" data-mobile-hover=\"\">\n<div class=\"jet-woo-categories__item \">\n\t<div class=\"jet-woo-categories__inner-box jet-woo-item-overlay-wrap\" data-url=\"https:\/\/sensorex.fi\/en\/category\/control-units\/\" >\n\t\t\n<div class=\"jet-woo-categories-thumbnail__wrap\">\n\t\n<div class=\"jet-woo-category-thumbnail\">\n\t<a href=\"https:\/\/sensorex.fi\/en\/category\/control-units\/\"  rel=\"bookmark\">\n\t\t<img fetchpriority=\"high\" decoding=\"async\" width=\"478\" height=\"251\" src=\"https:\/\/sensorex.fi\/wp-content\/uploads\/2023\/10\/sx-omega-etusivu.jpg\" class=\"attachment-full size-full\" alt=\"\" \/>\t<\/a>\n\t<div class=\"jet-woo-category-img-overlay\"><\/div>\n\t<div class=\"jet-woo-category-img-overlay__hover\"><\/div>\n<\/div>\n\t<div class=\"jet-woo-category-count__wrap\">\n\t\t\t<\/div>\n<\/div>\n\n<div class=\"jet-woo-categories-content\">\n\t<h5 class=\"jet-woo-category-title\" ><a href=\"https:\/\/sensorex.fi\/en\/category\/control-units\/\" class=\"jet-woo-category-title__link\" >Control units<\/a><\/h5><\/div>\t<\/div>\n\n\t\t\t<a href=\"https:\/\/sensorex.fi\/en\/category\/control-units\/\" class=\"jet-woo-item-overlay-link\"  ><\/a>\n\t<\/div>\n<div class=\"jet-woo-categories__item \">\n\t<div class=\"jet-woo-categories__inner-box jet-woo-item-overlay-wrap\" data-url=\"https:\/\/sensorex.fi\/en\/category\/fixed-gas-detectors\/\" >\n\t\t\n<div class=\"jet-woo-categories-thumbnail__wrap\">\n\t\n<div class=\"jet-woo-category-thumbnail\">\n\t<a href=\"https:\/\/sensorex.fi\/en\/category\/fixed-gas-detectors\/\"  rel=\"bookmark\">\n\t\t<img decoding=\"async\" width=\"940\" height=\"944\" src=\"https:\/\/sensorex.fi\/wp-content\/uploads\/2026\/01\/sensorex-sx-alpha.png\" class=\"attachment-full size-full\" alt=\"\" \/>\t<\/a>\n\t<div class=\"jet-woo-category-img-overlay\"><\/div>\n\t<div class=\"jet-woo-category-img-overlay__hover\"><\/div>\n<\/div>\n\t<div class=\"jet-woo-category-count__wrap\">\n\t\t\t<\/div>\n<\/div>\n\n<div class=\"jet-woo-categories-content\">\n\t<h5 class=\"jet-woo-category-title\" ><a href=\"https:\/\/sensorex.fi\/en\/category\/fixed-gas-detectors\/\" class=\"jet-woo-category-title__link\" >Fixed gas detectors<\/a><\/h5><\/div>\t<\/div>\n\n\t\t\t<a href=\"https:\/\/sensorex.fi\/en\/category\/fixed-gas-detectors\/\" class=\"jet-woo-item-overlay-link\"  ><\/a>\n\t<\/div>\n<div class=\"jet-woo-categories__item \">\n\t<div class=\"jet-woo-categories__inner-box jet-woo-item-overlay-wrap\" data-url=\"https:\/\/sensorex.fi\/en\/category\/portable\/\" >\n\t\t\n<div class=\"jet-woo-categories-thumbnail__wrap\">\n\t\n<div class=\"jet-woo-category-thumbnail\">\n\t<a href=\"https:\/\/sensorex.fi\/en\/category\/portable\/\"  rel=\"bookmark\">\n\t\t<img decoding=\"async\" width=\"478\" height=\"251\" src=\"https:\/\/sensorex.fi\/wp-content\/uploads\/2023\/10\/ventis-pro5-etusivu.jpg\" class=\"attachment-full size-full\" alt=\"\" \/>\t<\/a>\n\t<div class=\"jet-woo-category-img-overlay\"><\/div>\n\t<div class=\"jet-woo-category-img-overlay__hover\"><\/div>\n<\/div>\n\t<div class=\"jet-woo-category-count__wrap\">\n\t\t\t<\/div>\n<\/div>\n\n<div class=\"jet-woo-categories-content\">\n\t<h5 class=\"jet-woo-category-title\" ><a href=\"https:\/\/sensorex.fi\/en\/category\/portable\/\" class=\"jet-woo-category-title__link\" >Portables<\/a><\/h5><\/div>\t<\/div>\n\n\t\t\t<a href=\"https:\/\/sensorex.fi\/en\/category\/portable\/\" class=\"jet-woo-item-overlay-link\"  ><\/a>\n\t<\/div>\n<div class=\"jet-woo-categories__item \">\n\t<div class=\"jet-woo-categories__inner-box jet-woo-item-overlay-wrap\" data-url=\"https:\/\/sensorex.fi\/en\/category\/accessories\/\" >\n\t\t\n<div class=\"jet-woo-categories-thumbnail__wrap\">\n\t\n<div class=\"jet-woo-category-thumbnail\">\n\t<a href=\"https:\/\/sensorex.fi\/en\/category\/accessories\/\"  rel=\"bookmark\">\n\t\t<img loading=\"lazy\" decoding=\"async\" width=\"253\" height=\"133\" src=\"https:\/\/sensorex.fi\/wp-content\/uploads\/2023\/10\/Etusivu_4.jpg\" class=\"attachment-full size-full\" alt=\"\" \/>\t<\/a>\n\t<div class=\"jet-woo-category-img-overlay\"><\/div>\n\t<div class=\"jet-woo-category-img-overlay__hover\"><\/div>\n<\/div>\n\t<div class=\"jet-woo-category-count__wrap\">\n\t\t\t<\/div>\n<\/div>\n\n<div class=\"jet-woo-categories-content\">\n\t<h5 class=\"jet-woo-category-title\" ><a href=\"https:\/\/sensorex.fi\/en\/category\/accessories\/\" class=\"jet-woo-category-title__link\" >Accessories<\/a><\/h5><\/div>\t<\/div>\n\n\t\t\t<a href=\"https:\/\/sensorex.fi\/en\/category\/accessories\/\" class=\"jet-woo-item-overlay-link\"  ><\/a>\n\t<\/div><\/div>\n<\/div>\t\t\t\t<\/div>\n\t\t\t\t<\/div>\n\t\t\t\t\t<\/div>\n\t\t\t\t<\/div>\n\t\t\t\t<\/div>\n\t\t","protected":false},"excerpt":{"rendered":"<p>Products H\u00e4lytyskeskukset Kiinte\u00e4t kaasunilmaisimet Kannettavat kaasunilmaisimet Tarvikkeet &#8211; h\u00e4lyttimet<\/p>\n","protected":false},"author":1,"featured_media":0,"parent":0,"menu_order":0,"comment_status":"closed","ping_status":"closed","template":"","meta":{"_acf_changed":false,"_improvement_type_select":"improve_an_existing","_thumb_yes_seoaic":false,"_frame_yes_seoaic":false,"seoaic_generate_description":"","seoaic_improve_instructions_prompt":"","seoaic_rollback_content_improvement":"","seoaic_idea_thumbnail_generator":"","thumbnail_generated":false,"thumbnail_generate_prompt":"","seoaic_article_description":"","footnotes":""},"class_list":["post-1968","page","type-page","status-publish","hentry"],"acf":[],"yoast_head":"<!-- This site is optimized with the Yoast SEO plugin v27.4 - https:\/\/yoast.com\/product\/yoast-seo-wordpress\/ -->\n<title>Products - Sensorex<\/title>\n<meta name=\"robots\" content=\"index, follow, max-snippet:-1, max-image-preview:large, max-video-preview:-1\" \/>\n<link rel=\"canonical\" href=\"https:\/\/sensorex.fi\/en\/products\/\" \/>\n<meta property=\"og:locale\" content=\"en_US\" \/>\n<meta property=\"og:type\" content=\"article\" \/>\n<meta property=\"og:title\" content=\"Products - Sensorex\" \/>\n<meta property=\"og:description\" content=\"Products H\u00e4lytyskeskukset Kiinte\u00e4t kaasunilmaisimet Kannettavat kaasunilmaisimet Tarvikkeet &#8211; h\u00e4lyttimet\" \/>\n<meta property=\"og:url\" content=\"https:\/\/sensorex.fi\/en\/products\/\" \/>\n<meta property=\"og:site_name\" content=\"Sensorex\" \/>\n<meta property=\"article:modified_time\" content=\"2026-02-06T15:29:49+00:00\" \/>\n<meta property=\"og:image\" content=\"https:\/\/sensorex.fi\/wp-content\/uploads\/2023\/10\/sx-omega-etusivu.jpg\" \/>\n<meta name=\"twitter:card\" content=\"summary_large_image\" \/>\n<meta name=\"twitter:label1\" content=\"Est. reading time\" \/>\n\t<meta name=\"twitter:data1\" content=\"1 minute\" \/>\n<script type=\"application\/ld+json\" class=\"yoast-schema-graph\">{\"@context\":\"https:\\\/\\\/schema.org\",\"@graph\":[{\"@type\":\"WebPage\",\"@id\":\"https:\\\/\\\/sensorex.fi\\\/en\\\/products\\\/\",\"url\":\"https:\\\/\\\/sensorex.fi\\\/en\\\/products\\\/\",\"name\":\"Products - Sensorex\",\"isPartOf\":{\"@id\":\"https:\\\/\\\/sensorex.fi\\\/en\\\/#website\"},\"primaryImageOfPage\":{\"@id\":\"https:\\\/\\\/sensorex.fi\\\/en\\\/products\\\/#primaryimage\"},\"image\":{\"@id\":\"https:\\\/\\\/sensorex.fi\\\/en\\\/products\\\/#primaryimage\"},\"thumbnailUrl\":\"https:\\\/\\\/sensorex.fi\\\/wp-content\\\/uploads\\\/2023\\\/10\\\/sx-omega-etusivu.jpg\",\"datePublished\":\"2023-10-30T07:34:22+00:00\",\"dateModified\":\"2026-02-06T15:29:49+00:00\",\"breadcrumb\":{\"@id\":\"https:\\\/\\\/sensorex.fi\\\/en\\\/products\\\/#breadcrumb\"},\"inLanguage\":\"en-US\",\"potentialAction\":[{\"@type\":\"ReadAction\",\"target\":[\"https:\\\/\\\/sensorex.fi\\\/en\\\/products\\\/\"]}]},{\"@type\":\"ImageObject\",\"inLanguage\":\"en-US\",\"@id\":\"https:\\\/\\\/sensorex.fi\\\/en\\\/products\\\/#primaryimage\",\"url\":\"https:\\\/\\\/sensorex.fi\\\/wp-content\\\/uploads\\\/2023\\\/10\\\/sx-omega-etusivu.jpg\",\"contentUrl\":\"https:\\\/\\\/sensorex.fi\\\/wp-content\\\/uploads\\\/2023\\\/10\\\/sx-omega-etusivu.jpg\"},{\"@type\":\"BreadcrumbList\",\"@id\":\"https:\\\/\\\/sensorex.fi\\\/en\\\/products\\\/#breadcrumb\",\"itemListElement\":[{\"@type\":\"ListItem\",\"position\":1,\"name\":\"Etusivu\",\"item\":\"https:\\\/\\\/sensorex.fi\\\/en\\\/\"},{\"@type\":\"ListItem\",\"position\":2,\"name\":\"Products\"}]},{\"@type\":\"WebSite\",\"@id\":\"https:\\\/\\\/sensorex.fi\\\/en\\\/#website\",\"url\":\"https:\\\/\\\/sensorex.fi\\\/en\\\/\",\"name\":\"Sensorex\",\"description\":\"\",\"publisher\":{\"@id\":\"https:\\\/\\\/sensorex.fi\\\/en\\\/#organization\"},\"potentialAction\":[{\"@type\":\"SearchAction\",\"target\":{\"@type\":\"EntryPoint\",\"urlTemplate\":\"https:\\\/\\\/sensorex.fi\\\/en\\\/?s={search_term_string}\"},\"query-input\":{\"@type\":\"PropertyValueSpecification\",\"valueRequired\":true,\"valueName\":\"search_term_string\"}}],\"inLanguage\":\"en-US\"},{\"@type\":\"Organization\",\"@id\":\"https:\\\/\\\/sensorex.fi\\\/en\\\/#organization\",\"name\":\"Sensorex\",\"url\":\"https:\\\/\\\/sensorex.fi\\\/en\\\/\",\"logo\":{\"@type\":\"ImageObject\",\"inLanguage\":\"en-US\",\"@id\":\"https:\\\/\\\/sensorex.fi\\\/en\\\/#\\\/schema\\\/logo\\\/image\\\/\",\"url\":\"https:\\\/\\\/sensorex.fi\\\/wp-content\\\/uploads\\\/2022\\\/02\\\/sensorex_logo.png\",\"contentUrl\":\"https:\\\/\\\/sensorex.fi\\\/wp-content\\\/uploads\\\/2022\\\/02\\\/sensorex_logo.png\",\"width\":352,\"height\":80,\"caption\":\"Sensorex\"},\"image\":{\"@id\":\"https:\\\/\\\/sensorex.fi\\\/en\\\/#\\\/schema\\\/logo\\\/image\\\/\"}}]}<\/script>\n<!-- \/ Yoast SEO plugin. -->","yoast_head_json":{"title":"Products - Sensorex","robots":{"index":"index","follow":"follow","max-snippet":"max-snippet:-1","max-image-preview":"max-image-preview:large","max-video-preview":"max-video-preview:-1"},"canonical":"https:\/\/sensorex.fi\/en\/products\/","og_locale":"en_US","og_type":"article","og_title":"Products - Sensorex","og_description":"Products H\u00e4lytyskeskukset Kiinte\u00e4t kaasunilmaisimet Kannettavat kaasunilmaisimet Tarvikkeet &#8211; h\u00e4lyttimet","og_url":"https:\/\/sensorex.fi\/en\/products\/","og_site_name":"Sensorex","article_modified_time":"2026-02-06T15:29:49+00:00","og_image":[{"url":"https:\/\/sensorex.fi\/wp-content\/uploads\/2023\/10\/sx-omega-etusivu.jpg","type":"","width":"","height":""}],"twitter_card":"summary_large_image","twitter_misc":{"Est. reading time":"1 minute"},"schema":{"@context":"https:\/\/schema.org","@graph":[{"@type":"WebPage","@id":"https:\/\/sensorex.fi\/en\/products\/","url":"https:\/\/sensorex.fi\/en\/products\/","name":"Products - Sensorex","isPartOf":{"@id":"https:\/\/sensorex.fi\/en\/#website"},"primaryImageOfPage":{"@id":"https:\/\/sensorex.fi\/en\/products\/#primaryimage"},"image":{"@id":"https:\/\/sensorex.fi\/en\/products\/#primaryimage"},"thumbnailUrl":"https:\/\/sensorex.fi\/wp-content\/uploads\/2023\/10\/sx-omega-etusivu.jpg","datePublished":"2023-10-30T07:34:22+00:00","dateModified":"2026-02-06T15:29:49+00:00","breadcrumb":{"@id":"https:\/\/sensorex.fi\/en\/products\/#breadcrumb"},"inLanguage":"en-US","potentialAction":[{"@type":"ReadAction","target":["https:\/\/sensorex.fi\/en\/products\/"]}]},{"@type":"ImageObject","inLanguage":"en-US","@id":"https:\/\/sensorex.fi\/en\/products\/#primaryimage","url":"https:\/\/sensorex.fi\/wp-content\/uploads\/2023\/10\/sx-omega-etusivu.jpg","contentUrl":"https:\/\/sensorex.fi\/wp-content\/uploads\/2023\/10\/sx-omega-etusivu.jpg"},{"@type":"BreadcrumbList","@id":"https:\/\/sensorex.fi\/en\/products\/#breadcrumb","itemListElement":[{"@type":"ListItem","position":1,"name":"Etusivu","item":"https:\/\/sensorex.fi\/en\/"},{"@type":"ListItem","position":2,"name":"Products"}]},{"@type":"WebSite","@id":"https:\/\/sensorex.fi\/en\/#website","url":"https:\/\/sensorex.fi\/en\/","name":"Sensorex","description":"","publisher":{"@id":"https:\/\/sensorex.fi\/en\/#organization"},"potentialAction":[{"@type":"SearchAction","target":{"@type":"EntryPoint","urlTemplate":"https:\/\/sensorex.fi\/en\/?s={search_term_string}"},"query-input":{"@type":"PropertyValueSpecification","valueRequired":true,"valueName":"search_term_string"}}],"inLanguage":"en-US"},{"@type":"Organization","@id":"https:\/\/sensorex.fi\/en\/#organization","name":"Sensorex","url":"https:\/\/sensorex.fi\/en\/","logo":{"@type":"ImageObject","inLanguage":"en-US","@id":"https:\/\/sensorex.fi\/en\/#\/schema\/logo\/image\/","url":"https:\/\/sensorex.fi\/wp-content\/uploads\/2022\/02\/sensorex_logo.png","contentUrl":"https:\/\/sensorex.fi\/wp-content\/uploads\/2022\/02\/sensorex_logo.png","width":352,"height":80,"caption":"Sensorex"},"image":{"@id":"https:\/\/sensorex.fi\/en\/#\/schema\/logo\/image\/"}}]}},"_links":{"self":[{"href":"https:\/\/sensorex.fi\/en\/wp-json\/wp\/v2\/pages\/1968","targetHints":{"allow":["GET"]}}],"collection":[{"href":"https:\/\/sensorex.fi\/en\/wp-json\/wp\/v2\/pages"}],"about":[{"href":"https:\/\/sensorex.fi\/en\/wp-json\/wp\/v2\/types\/page"}],"author":[{"embeddable":true,"href":"https:\/\/sensorex.fi\/en\/wp-json\/wp\/v2\/users\/1"}],"replies":[{"embeddable":true,"href":"https:\/\/sensorex.fi\/en\/wp-json\/wp\/v2\/comments?post=1968"}],"version-history":[{"count":31,"href":"https:\/\/sensorex.fi\/en\/wp-json\/wp\/v2\/pages\/1968\/revisions"}],"predecessor-version":[{"id":5849,"href":"https:\/\/sensorex.fi\/en\/wp-json\/wp\/v2\/pages\/1968\/revisions\/5849"}],"wp:attachment":[{"href":"https:\/\/sensorex.fi\/en\/wp-json\/wp\/v2\/media?parent=1968"}],"curies":[{"name":"wp","href":"https:\/\/api.w.org\/{rel}","templated":true}]}}